{"id":135,"date":"2022-04-06T17:02:31","date_gmt":"2022-04-06T14:02:31","guid":{"rendered":"https:\/\/northern-geography.fi\/?page_id=135"},"modified":"2022-06-03T15:39:24","modified_gmt":"2022-06-03T12:39:24","slug":"tapahtumat","status":"publish","type":"page","link":"https:\/\/northern-geography.fi\/en\/tapahtumat\/","title":{"rendered":"Events"},"content":{"rendered":"<p>PSMS organises geography-related events in northern Finland.<\/p>\n\n\n\n<p>A list of upcoming events can be found <a href=\"https:\/\/northern-geography.fi\/en\/?page_id=151\">here<\/a>.<\/p>\n\n\n\n<p><\/p>\n\n\n\n<p><\/p>\n\n\n\n<p><\/p>\n\n\n\n<p class=\"has-medium-font-size\"><\/p>","protected":false},"excerpt":{"rendered":"<p>PSMS j\u00e4rjest\u00e4\u00e4 maantieteen liittyvi\u00e4 tapahtumia Pohjois Suomessa. Lista tulevista tapahtumista l\u00f6ytyy t\u00e4\u00e4lt\u00e4.<\/p>","protected":false},"author":1,"featured_media":0,"parent":0,"menu_order":1,"comment_status":"closed","ping_status":"closed","template":"","meta":{"footnotes":""},"class_list":["post-135","page","type-page","status-publish","hentry"],"_links":{"self":[{"href":"https:\/\/northern-geography.fi\/en\/wp-json\/wp\/v2\/pages\/135","targetHints":{"allow":["GET"]}}],"collection":[{"href":"https:\/\/northern-geography.fi\/en\/wp-json\/wp\/v2\/pages"}],"about":[{"href":"https:\/\/northern-geography.fi\/en\/wp-json\/wp\/v2\/types\/page"}],"author":[{"embeddable":true,"href":"https:\/\/northern-geography.fi\/en\/wp-json\/wp\/v2\/users\/1"}],"replies":[{"embeddable":true,"href":"https:\/\/northern-geography.fi\/en\/wp-json\/wp\/v2\/comments?post=135"}],"version-history":[{"count":3,"href":"https:\/\/northern-geography.fi\/en\/wp-json\/wp\/v2\/pages\/135\/revisions"}],"predecessor-version":[{"id":160,"href":"https:\/\/northern-geography.fi\/en\/wp-json\/wp\/v2\/pages\/135\/revisions\/160"}],"wp:attachment":[{"href":"https:\/\/northern-geography.fi\/en\/wp-json\/wp\/v2\/media?parent=135"}],"curies":[{"name":"wp","href":"https:\/\/api.w.org\/{rel}","templated":true}]}}