{"id":156,"date":"2022-06-03T15:31:14","date_gmt":"2022-06-03T12:31:14","guid":{"rendered":"https:\/\/northern-geography.fi\/?page_id=156"},"modified":"2022-10-04T09:58:57","modified_gmt":"2022-10-04T06:58:57","slug":"tapahtumien-arkisto","status":"publish","type":"page","link":"https:\/\/northern-geography.fi\/en\/tapahtumat\/tapahtumien-arkisto\/","title":{"rendered":"Past events"},"content":{"rendered":"<p><em>Syysretki 2022<\/em><\/p>\n\n\n\n<p>PSMS j\u00e4rjesti koko perheen syysretken Liminganlahden luontokeskukselle lauantaina 1.10. Mukaan saatiin kasaan mukava 12 hengen porukka ja s\u00e4\u00e4 oli erinomainen! Nuotio l\u00e4mpeni, makkarat paistuivat ja hodarit maistuivat. My\u00f6s lintujen syysmuutto oli parhaimmillaan ja aloittelevien lintubongareiden oli helppoa l\u00f6yt\u00e4\u00e4 kiikareilla muuttopuuhissa olevia lintuja. Paikalle oli saapunut my\u00f6s alueelle harvinainen tiibetinhanhipariskunta, jonka onnekkaat p\u00e4\u00e4siv\u00e4t n\u00e4kem\u00e4\u00e4n. Lis\u00e4ksi retkeilij\u00e4t p\u00e4\u00e4siv\u00e4t tutustumaan luontokeskuksen Lintujen kahdeksan vuodenaikaa -n\u00e4yttelyyn. Kokonaisuudessaan retki oli eritt\u00e4in onnistunut ja osallistujat l\u00e4htiv\u00e4t jatkamaan viikonlopun viettoaan hyvill\u00e4 mielin! <\/p>\n\n\n\n<figure class=\"wp-block-image size-large is-resized\"><img loading=\"lazy\" decoding=\"async\" src=\"https:\/\/northern-geography.fi\/wp-content\/uploads\/2022\/10\/IMG_20221001_131712-768x1024.jpg\" alt=\"\" class=\"wp-image-198\" width=\"430\" height=\"573\" srcset=\"https:\/\/northern-geography.fi\/wp-content\/uploads\/2022\/10\/IMG_20221001_131712-768x1024.jpg 768w, https:\/\/northern-geography.fi\/wp-content\/uploads\/2022\/10\/IMG_20221001_131712-225x300.jpg 225w, https:\/\/northern-geography.fi\/wp-content\/uploads\/2022\/10\/IMG_20221001_131712-1152x1536.jpg 1152w, https:\/\/northern-geography.fi\/wp-content\/uploads\/2022\/10\/IMG_20221001_131712-1536x2048.jpg 1536w, https:\/\/northern-geography.fi\/wp-content\/uploads\/2022\/10\/IMG_20221001_131712-660x880.jpg 660w, https:\/\/northern-geography.fi\/wp-content\/uploads\/2022\/10\/IMG_20221001_131712-360x480.jpg 360w, https:\/\/northern-geography.fi\/wp-content\/uploads\/2022\/10\/IMG_20221001_131712-255x340.jpg 255w, https:\/\/northern-geography.fi\/wp-content\/uploads\/2022\/10\/IMG_20221001_131712-scaled.jpg 1920w\" sizes=\"auto, (max-width: 430px) 100vw, 430px\" \/><\/figure>\n\n\n\n<p>PSMS organized autumn trip for families at Liminganlahti nature center at Saturday 1<sup>st<\/sup> of October. After some flue dropouts we managed to gather group of 12 people to attend the trip. The weather was beautiful, sausages and hot dogs were enjoyed by the bonfire. Thousands of migratory birds had arrived to Liminganlahti, too, and bird watchers had a lot to watch. Couple of bar-headed geese, rare to the region, had landed at Liminganlahti and lucky ones saw them. There was also a possibility to go and see Eight seasons of birds -exhibition at the nature center. The trip was very successful, and all participants continued their weekend with smiling faces!<\/p>\n\n\n\n<figure class=\"wp-block-image size-full\"><img loading=\"lazy\" decoding=\"async\" width=\"816\" height=\"565\" src=\"https:\/\/northern-geography.fi\/wp-content\/uploads\/2022\/10\/Colage-syysretki.jpg\" alt=\"\" class=\"wp-image-199\" srcset=\"https:\/\/northern-geography.fi\/wp-content\/uploads\/2022\/10\/Colage-syysretki.jpg 816w, https:\/\/northern-geography.fi\/wp-content\/uploads\/2022\/10\/Colage-syysretki-300x208.jpg 300w, https:\/\/northern-geography.fi\/wp-content\/uploads\/2022\/10\/Colage-syysretki-768x532.jpg 768w, https:\/\/northern-geography.fi\/wp-content\/uploads\/2022\/10\/Colage-syysretki-660x457.jpg 660w, https:\/\/northern-geography.fi\/wp-content\/uploads\/2022\/10\/Colage-syysretki-640x443.jpg 640w, https:\/\/northern-geography.fi\/wp-content\/uploads\/2022\/10\/Colage-syysretki-255x177.jpg 255w\" sizes=\"auto, (max-width: 816px) 100vw, 816px\" \/><\/figure>\n\n\n\n<p><mark><mark style=\"background-color:#ffffff\" class=\"has-inline-color has-black-color\"><em>PSMS:n kirjoittamisty\u00f6paja opiskelijoille<\/em><\/mark><\/mark><\/p>\n\n\n\n<p>Akateemisen kirjoittamisen ty\u00f6paja j\u00e4rjestettiin uudelleen maanantaina 4. huhtikuuta 2022 PSMS:n puheenjohtajan P\u00e4ivi Lujalan vet\u00e4m\u00e4n\u00e4. Mukana kommentoimassa olivat PSMS:n varapuheenjohtaja Petteri Kiilunen ja tapahtumavastaava Oona K\u00f6n\u00f6nen. Kuultiinpa hyvi\u00e4 kommentteja ja kokemuksia my\u00f6s muiltakin tilaisuuteen osallistuneilta seuran johtokunnan j\u00e4senilt\u00e4.<\/p>\n\n\n\n<p>Ty\u00f6pajassa k\u00e4ytiin muun muassa l\u00e4pi konkreettisesti esimerkkien avulla prosessikirjoituksen eri vaiheita ja k\u00e4yt\u00e4nn\u00f6n vinkkej\u00e4 siihen, miten muodostetaan hyv\u00e4 kappale ja virke tieteellisess\u00e4 tekstiss\u00e4. Lis\u00e4ksi tilaisuudessa keskusteltiin metatekstin merkityksest\u00e4 tekstin rakenteen ja loogisuuden parantamiseksi. My\u00f6s opiskelijoiden esitt\u00e4miin kysymyksiin pyrittiin vastaamaan ajan puitteissa.<\/p>\n\n\n\n<figure class=\"wp-block-image\"><img loading=\"lazy\" decoding=\"async\" width=\"640\" height=\"360\" src=\"https:\/\/northern-geography.fi\/wp-content\/uploads\/2022\/04\/Kirjoittamistyopaja4.jpg\" alt=\"\" class=\"wp-image-142\" srcset=\"https:\/\/northern-geography.fi\/wp-content\/uploads\/2022\/04\/Kirjoittamistyopaja4.jpg 640w, https:\/\/northern-geography.fi\/wp-content\/uploads\/2022\/04\/Kirjoittamistyopaja4-300x169.jpg 300w, https:\/\/northern-geography.fi\/wp-content\/uploads\/2022\/04\/Kirjoittamistyopaja4-255x143.jpg 255w\" sizes=\"auto, (max-width: 640px) 100vw, 640px\" \/><\/figure>\n\n\n\n<p>Tapahtumaan osallistui hyv\u00e4 m\u00e4\u00e4r\u00e4 opiskelijoita ja ty\u00f6paja sai kovasti kehuja opiskelijoilta omakohtaisuudestaan, k\u00e4yt\u00e4nn\u00f6n vinkeist\u00e4 ja informatiivisuudestaan. Alla muutamia poimintoja saamastamme opiskelijapalautteesta:<\/p>\n\n\n\n<p>\u201dTy\u00f6paja oli t\u00e4ynn\u00e4 asiaa, mutta kaikki oli kuitenkin j\u00e4rjestetty loogisesti ja mik\u00e4\u00e4n ei j\u00e4\u00e4nyt irralliseksi. Kiitos my\u00f6s omakohtaisuudesta ja omien haasteiden jakamisesta, on n\u00e4in opiskelijana rohkaisevaa hahmottaa sit\u00e4, ett\u00e4 kaikilla kirjoittajilla on ne omat kuopat ja ei se prosessikirjoittaminen ole v\u00e4ltt\u00e4m\u00e4tt\u00e4 pitk\u00e4\u00e4n kirjoittaneellekaan aina helppoa!\u201d<\/p>\n\n\n\n<p>\u201dTosi paljon hyvi\u00e4 vinkkej\u00e4, kiitos todella paljon!\u201d<\/p>\n\n\n\n<p>\u201dHuomasin ajattelevani, ett\u00e4 j\u00e4\u00e4p\u00e4 hyvin mieleen, kun on mielenkiintoiset slidet.\u201d<\/p>\n\n\n\n<p>Kiitos kaikille opiskelijoille antamastanne palautteesta ja osallistumisestanne! Saimme ty\u00f6pajan pohjalta my\u00f6s hyvi\u00e4 ideoita tulevan toimintamme kehitt\u00e4miseen.<\/p>","protected":false},"excerpt":{"rendered":"<p>Syysretki 2022 PSMS j\u00e4rjesti koko perheen syysretken Liminganlahden luontokeskukselle lauantaina 1.10. Mukaan saatiin kasaan mukava 12 hengen porukka ja s\u00e4\u00e4 oli erinomainen! Nuotio l\u00e4mpeni, makkarat paistuivat ja hodarit maistuivat. My\u00f6s lintujen syysmuutto oli parhaimmillaan ja aloittelevien lintubongareiden oli helppoa l\u00f6yt\u00e4\u00e4 kiikareilla muuttopuuhissa olevia lintuja. Paikalle oli saapunut my\u00f6s alueelle harvinainen tiibetinhanhipariskunta, jonka onnekkaat p\u00e4\u00e4siv\u00e4t n\u00e4kem\u00e4\u00e4n. [&hellip;]<\/p>\n","protected":false},"author":1,"featured_media":0,"parent":135,"menu_order":2,"comment_status":"closed","ping_status":"closed","template":"","meta":{"footnotes":""},"class_list":["post-156","page","type-page","status-publish","hentry"],"_links":{"self":[{"href":"https:\/\/northern-geography.fi\/en\/wp-json\/wp\/v2\/pages\/156","targetHints":{"allow":["GET"]}}],"collection":[{"href":"https:\/\/northern-geography.fi\/en\/wp-json\/wp\/v2\/pages"}],"about":[{"href":"https:\/\/northern-geography.fi\/en\/wp-json\/wp\/v2\/types\/page"}],"author":[{"embeddable":true,"href":"https:\/\/northern-geography.fi\/en\/wp-json\/wp\/v2\/users\/1"}],"replies":[{"embeddable":true,"href":"https:\/\/northern-geography.fi\/en\/wp-json\/wp\/v2\/comments?post=156"}],"version-history":[{"count":6,"href":"https:\/\/northern-geography.fi\/en\/wp-json\/wp\/v2\/pages\/156\/revisions"}],"predecessor-version":[{"id":220,"href":"https:\/\/northern-geography.fi\/en\/wp-json\/wp\/v2\/pages\/156\/revisions\/220"}],"up":[{"embeddable":true,"href":"https:\/\/northern-geography.fi\/en\/wp-json\/wp\/v2\/pages\/135"}],"wp:attachment":[{"href":"https:\/\/northern-geography.fi\/en\/wp-json\/wp\/v2\/media?parent=156"}],"curies":[{"name":"wp","href":"https:\/\/api.w.org\/{rel}","templated":true}]}}