{"id":38,"date":"2021-08-25T16:11:52","date_gmt":"2021-08-25T13:11:52","guid":{"rendered":"https:\/\/northern-geography.fi\/?page_id=38"},"modified":"2025-01-27T08:59:34","modified_gmt":"2025-01-27T06:59:34","slug":"yhdistys","status":"publish","type":"page","link":"https:\/\/northern-geography.fi\/en\/yhdistys\/","title":{"rendered":"The Society"},"content":{"rendered":"<p>Welcome to the website of the Northern Finland Geographical Society (PSMS ry)! The Society has been active since 1963 and its aim is to promote interaction between geographers in Northern Finland, the dissemination of geographical information and accessibility. In addition, the Society aims to raise awareness of geography and geographical knowledge and contributes to the social debate on important and topical geographical issues.\n\nTranslated with DeepL.com (free version)<\/p>\n\n\n\n<p>The society works in close cooperation with the Geography Research Unit of the University of Oulu and the student resource organisation Atlas ry. The only geography centre in Northern Finland is located at the University of Oulu.<\/p>\n\n\n\n<p>On the website you will find current news, as well as more information about the Society's activities and membership. Through the Publications page you can access the Nordia Geographical Publications and Nordia Tiedonantoja series, which are open access.<\/p>","protected":false},"excerpt":{"rendered":"<p>Tervetuloa Pohjois-Suomen Maantieteellisen Seuran (PSMS ry) sivuille! Seura on toiminut vuodesta 1963 l\u00e4htien ja sen tavoitteena on edist\u00e4\u00e4 Pohjois-Suomen maantieteilij\u00f6iden v\u00e4list\u00e4 vuorovaikutusta, maantieteellisen tiedon levi\u00e4mist\u00e4 ja saavutettavuutta. Lis\u00e4ksi yhdistys pyrkii lis\u00e4\u00e4m\u00e4\u00e4n maantieteen ja maantieteellisen osaamisen tunnettuutta sek\u00e4 osallistuu yhteiskunnalliseen keskusteluun t\u00e4rkeist\u00e4 ja ajankohtaisista maantieteellisist\u00e4 teemoista. Seura toimii tiiviiss\u00e4 yhteisty\u00f6ss\u00e4 Oulun yliopiston maantieteen tutkimusyksik\u00f6n ja opiskelija-ainej\u00e4rjest\u00f6 [&hellip;]<\/p>\n","protected":false},"author":1,"featured_media":0,"parent":0,"menu_order":0,"comment_status":"closed","ping_status":"closed","template":"","meta":{"footnotes":""},"class_list":["post-38","page","type-page","status-publish","hentry"],"_links":{"self":[{"href":"https:\/\/northern-geography.fi\/en\/wp-json\/wp\/v2\/pages\/38","targetHints":{"allow":["GET"]}}],"collection":[{"href":"https:\/\/northern-geography.fi\/en\/wp-json\/wp\/v2\/pages"}],"about":[{"href":"https:\/\/northern-geography.fi\/en\/wp-json\/wp\/v2\/types\/page"}],"author":[{"embeddable":true,"href":"https:\/\/northern-geography.fi\/en\/wp-json\/wp\/v2\/users\/1"}],"replies":[{"embeddable":true,"href":"https:\/\/northern-geography.fi\/en\/wp-json\/wp\/v2\/comments?post=38"}],"version-history":[{"count":5,"href":"https:\/\/northern-geography.fi\/en\/wp-json\/wp\/v2\/pages\/38\/revisions"}],"predecessor-version":[{"id":49,"href":"https:\/\/northern-geography.fi\/en\/wp-json\/wp\/v2\/pages\/38\/revisions\/49"}],"wp:attachment":[{"href":"https:\/\/northern-geography.fi\/en\/wp-json\/wp\/v2\/media?parent=38"}],"curies":[{"name":"wp","href":"https:\/\/api.w.org\/{rel}","templated":true}]}}