{"id":50,"date":"2021-08-25T16:40:22","date_gmt":"2021-08-25T13:40:22","guid":{"rendered":"https:\/\/northern-geography.fi\/?page_id=50"},"modified":"2026-01-29T15:33:21","modified_gmt":"2026-01-29T13:33:21","slug":"johtokunta","status":"publish","type":"page","link":"https:\/\/northern-geography.fi\/en\/johtokunta\/","title":{"rendered":"The board"},"content":{"rendered":"<p>Society's Board in 2026:<\/p>\n\n\n\n<p><strong>Chair<\/strong><br>FT Oona Leppiniemi (oona.leppiniemi@oulu.fi)<\/p>\n\n\n\n<p><strong>Vice-chair<\/strong><br>FM Elias Rossinen (elias.rossinen@oulu.fi)<\/p>\n\n\n\n<p><strong>Secretary<\/strong><br>FM Roosa Ridanp\u00e4\u00e4 (roosa.ridanpaa@oulu.fi)<\/p>\n\n\n\n<p><strong>Finance responsible<\/strong><br>FT Tuija Maliniemi (tuija.maliniemi@oulu.fi)<\/p>\n\n\n\n<p><strong>Notary<\/strong><br>FM Anne-Mari Riikonen (psms.notaari@oulu.fi)<\/p>\n\n\n\n<p><strong>Editor-in-Chief<\/strong><br>FT Helena Tukiainen (helena.tukiainen@oulu.fi)<\/p>\n\n\n\n<p><strong>J\u00e4sen \/ Tiedotusvastaava<\/strong><br>FM Petra Hertteli (petra.hertteli@oulu.fi)<\/p>\n\n\n\n<p><strong>Atlas representing member<\/strong><br>Helmi Satto (helmi.satto@student.oulu.fi)<\/p>\n\n\n\n<p><strong>Atlas representing member<\/strong><br>Oskari Arvela (oskari.arvela@student.oulu.fi)<\/p>","protected":false},"excerpt":{"rendered":"<p>Seuran johtokunnan kokoonpano vuonna 2026: PuheenjohtajaFT Oona Leppiniemi (oona.leppiniemi@oulu.fi) VarapuheenjohtajaFM Elias Rossinen (elias.rossinen@oulu.fi) SihteeriFM Roosa Ridanp\u00e4\u00e4 (roosa.ridanpaa@oulu.fi) TaloudenhoitajaFT Tuija Maliniemi (tuija.maliniemi@oulu.fi) NotaariFM Anne-Mari Riikonen (psms.notaari@oulu.fi) P\u00e4\u00e4toimittajaFT Helena Tukiainen (helena.tukiainen@oulu.fi) J\u00e4sen \/ TiedotusvastaavaFM Petra Hertteli (petra.hertteli@oulu.fi) Atlas edustava j\u00e4senHelmi Satto (helmi.satto@student.oulu.fi) Atlas edustava j\u00e4senOskari Arvela (oskari.arvela@student.oulu.fi)<\/p>","protected":false},"author":1,"featured_media":0,"parent":0,"menu_order":0,"comment_status":"closed","ping_status":"closed","template":"","meta":{"footnotes":""},"class_list":["post-50","page","type-page","status-publish","hentry"],"_links":{"self":[{"href":"https:\/\/northern-geography.fi\/en\/wp-json\/wp\/v2\/pages\/50","targetHints":{"allow":["GET"]}}],"collection":[{"href":"https:\/\/northern-geography.fi\/en\/wp-json\/wp\/v2\/pages"}],"about":[{"href":"https:\/\/northern-geography.fi\/en\/wp-json\/wp\/v2\/types\/page"}],"author":[{"embeddable":true,"href":"https:\/\/northern-geography.fi\/en\/wp-json\/wp\/v2\/users\/1"}],"replies":[{"embeddable":true,"href":"https:\/\/northern-geography.fi\/en\/wp-json\/wp\/v2\/comments?post=50"}],"version-history":[{"count":14,"href":"https:\/\/northern-geography.fi\/en\/wp-json\/wp\/v2\/pages\/50\/revisions"}],"predecessor-version":[{"id":399,"href":"https:\/\/northern-geography.fi\/en\/wp-json\/wp\/v2\/pages\/50\/revisions\/399"}],"wp:attachment":[{"href":"https:\/\/northern-geography.fi\/en\/wp-json\/wp\/v2\/media?parent=50"}],"curies":[{"name":"wp","href":"https:\/\/api.w.org\/{rel}","templated":true}]}}